{"id":2367,"date":"2022-01-10T23:00:12","date_gmt":"2022-01-10T22:00:12","guid":{"rendered":"https:\/\/hala-drezdenko.pl\/?page_id=2367"},"modified":"2025-03-18T13:06:54","modified_gmt":"2025-03-18T12:06:54","slug":"oferta","status":"publish","type":"page","link":"https:\/\/hala-drezdenko.pl\/index.php\/oferta\/","title":{"rendered":"OFERTA"},"content":{"rendered":"\n<p class=\"has-text-align-center\"><strong>Naszym g\u0142\u00f3wnym celem jest realizowanie idei \u201ewielki sport w ma\u0142ym mie\u015bcie\u201d. Ofert\u0119 sportow\u0105 kszta\u0142tujemy i dostosowujemy do mo\u017cliwo\u015bci istniej\u0105cych obiekt\u00f3w.<\/strong><\/p>\n\n\n\n<p><\/p>\n\n\n\n<h2 class=\"wp-block-heading has-text-align-center\"><strong><span class=\"has-inline-color has-vivid-cyan-blue-color\">ZAPRASZAMY DO KORZYSTANIA Z NASZYCH OBIEKT\u00d3W<\/span><\/strong><\/h2>\n\n\n\n<p><\/p>\n\n\n\n<p class=\"has-text-align-center\"><strong>HALA SPORTOWO \u2013 REHABILITACYJNA<\/strong><br><strong><span class=\"has-inline-color has-vivid-cyan-blue-color\">Oferta sportowa \u2013 pe\u0142nowymiarowe boiska do:<\/span><\/strong><\/p>\n\n\n\n<p class=\"has-text-align-center\"><strong>SIATK\u00d3WKI &#8211;  PI\u0141KI NO\u017bNEJ HALOWEJ &#8211; KOSZYK\u00d3WKI &#8211; PI\u0141KI R\u0118CZNEJ &#8211; SIATK\u00d3WKI PLA\u017bOWEJ<\/strong> &#8211; <strong>BADMINTONA<\/strong><\/p>\n\n\n\n<hr class=\"wp-block-separator has-text-color has-vivid-cyan-blue-color has-css-opacity has-vivid-cyan-blue-background-color has-background is-style-wide\"\/>\n\n\n\n<figure class=\"wp-block-gallery has-nested-images columns-default is-cropped wp-block-gallery-1 is-layout-flex wp-block-gallery-is-layout-flex\">\n<figure class=\"wp-block-image size-medium\"><img loading=\"lazy\" decoding=\"async\" width=\"300\" height=\"200\" data-id=\"2383\" src=\"https:\/\/hala-drezdenko.pl\/wp-content\/uploads\/2022\/01\/hala2-300x200.jpg\" alt=\"\" class=\"wp-image-2383\" srcset=\"https:\/\/hala-drezdenko.pl\/wp-content\/uploads\/2022\/01\/hala2-300x200.jpg 300w, https:\/\/hala-drezdenko.pl\/wp-content\/uploads\/2022\/01\/hala2-768x512.jpg 768w, https:\/\/hala-drezdenko.pl\/wp-content\/uploads\/2022\/01\/hala2-270x180.jpg 270w, https:\/\/hala-drezdenko.pl\/wp-content\/uploads\/2022\/01\/hala2.jpg 1000w\" sizes=\"auto, (max-width: 300px) 100vw, 300px\" \/><\/figure>\n\n\n\n<figure class=\"wp-block-image size-medium\"><img loading=\"lazy\" decoding=\"async\" width=\"300\" height=\"200\" data-id=\"2386\" src=\"https:\/\/hala-drezdenko.pl\/wp-content\/uploads\/2022\/01\/hala5-300x200.jpg\" alt=\"\" class=\"wp-image-2386\" srcset=\"https:\/\/hala-drezdenko.pl\/wp-content\/uploads\/2022\/01\/hala5-300x200.jpg 300w, https:\/\/hala-drezdenko.pl\/wp-content\/uploads\/2022\/01\/hala5-768x512.jpg 768w, https:\/\/hala-drezdenko.pl\/wp-content\/uploads\/2022\/01\/hala5-270x180.jpg 270w, https:\/\/hala-drezdenko.pl\/wp-content\/uploads\/2022\/01\/hala5.jpg 1000w\" sizes=\"auto, (max-width: 300px) 100vw, 300px\" \/><\/figure>\n\n\n\n<figure class=\"wp-block-image size-medium\"><img loading=\"lazy\" decoding=\"async\" width=\"300\" height=\"200\" data-id=\"2385\" src=\"https:\/\/hala-drezdenko.pl\/wp-content\/uploads\/2022\/01\/hala4-300x200.jpg\" alt=\"\" class=\"wp-image-2385\" srcset=\"https:\/\/hala-drezdenko.pl\/wp-content\/uploads\/2022\/01\/hala4-300x200.jpg 300w, https:\/\/hala-drezdenko.pl\/wp-content\/uploads\/2022\/01\/hala4-768x512.jpg 768w, https:\/\/hala-drezdenko.pl\/wp-content\/uploads\/2022\/01\/hala4-270x180.jpg 270w, https:\/\/hala-drezdenko.pl\/wp-content\/uploads\/2022\/01\/hala4.jpg 1000w\" sizes=\"auto, (max-width: 300px) 100vw, 300px\" \/><\/figure>\n\n\n\n<figure class=\"wp-block-image size-medium\"><img loading=\"lazy\" decoding=\"async\" width=\"300\" height=\"200\" data-id=\"2382\" src=\"https:\/\/hala-drezdenko.pl\/wp-content\/uploads\/2022\/01\/hala1-300x200.jpg\" alt=\"\" class=\"wp-image-2382\" srcset=\"https:\/\/hala-drezdenko.pl\/wp-content\/uploads\/2022\/01\/hala1-300x200.jpg 300w, https:\/\/hala-drezdenko.pl\/wp-content\/uploads\/2022\/01\/hala1-768x512.jpg 768w, https:\/\/hala-drezdenko.pl\/wp-content\/uploads\/2022\/01\/hala1-270x180.jpg 270w, https:\/\/hala-drezdenko.pl\/wp-content\/uploads\/2022\/01\/hala1.jpg 1000w\" sizes=\"auto, (max-width: 300px) 100vw, 300px\" \/><\/figure>\n\n\n\n<figure class=\"wp-block-image size-medium\"><img loading=\"lazy\" decoding=\"async\" width=\"300\" height=\"200\" data-id=\"2384\" src=\"https:\/\/hala-drezdenko.pl\/wp-content\/uploads\/2022\/01\/hala3-300x200.jpg\" alt=\"\" class=\"wp-image-2384\" srcset=\"https:\/\/hala-drezdenko.pl\/wp-content\/uploads\/2022\/01\/hala3-300x200.jpg 300w, https:\/\/hala-drezdenko.pl\/wp-content\/uploads\/2022\/01\/hala3-768x512.jpg 768w, https:\/\/hala-drezdenko.pl\/wp-content\/uploads\/2022\/01\/hala3-270x180.jpg 270w, https:\/\/hala-drezdenko.pl\/wp-content\/uploads\/2022\/01\/hala3.jpg 1000w\" sizes=\"auto, (max-width: 300px) 100vw, 300px\" \/><\/figure>\n\n\n\n<figure class=\"wp-block-image size-medium\"><img loading=\"lazy\" decoding=\"async\" width=\"300\" height=\"200\" data-id=\"2387\" src=\"https:\/\/hala-drezdenko.pl\/wp-content\/uploads\/2022\/01\/hala6-300x200.jpg\" alt=\"\" class=\"wp-image-2387\" srcset=\"https:\/\/hala-drezdenko.pl\/wp-content\/uploads\/2022\/01\/hala6-300x200.jpg 300w, https:\/\/hala-drezdenko.pl\/wp-content\/uploads\/2022\/01\/hala6-768x512.jpg 768w, https:\/\/hala-drezdenko.pl\/wp-content\/uploads\/2022\/01\/hala6-270x180.jpg 270w, https:\/\/hala-drezdenko.pl\/wp-content\/uploads\/2022\/01\/hala6.jpg 1000w\" sizes=\"auto, (max-width: 300px) 100vw, 300px\" \/><\/figure>\n<\/figure>\n\n\n\n<p><\/p>\n","protected":false},"excerpt":{"rendered":"<p>Naszym g\u0142\u00f3wnym celem jest realizowanie idei \u201ewielki sport w ma\u0142ym mie\u015bcie\u201d. Ofert\u0119 sportow\u0105 kszta\u0142tujemy i dostosowujemy do mo\u017cliwo\u015bci istniej\u0105cych obiekt\u00f3w. ZAPRASZAMY DO KORZYSTANIA Z NASZYCH OBIEKT\u00d3W HALA SPORTOWO \u2013 REHABILITACYJNAOferta [&hellip;]<\/p>\n","protected":false},"author":1,"featured_media":0,"parent":0,"menu_order":0,"comment_status":"closed","ping_status":"closed","template":"","meta":{"_editorskit_title_hidden":false,"_editorskit_reading_time":1,"_editorskit_is_block_options_detached":false,"_editorskit_block_options_position":"{}","footnotes":""},"class_list":["post-2367","page","type-page","status-publish","hentry","clearfix"],"_links":{"self":[{"href":"https:\/\/hala-drezdenko.pl\/index.php\/wp-json\/wp\/v2\/pages\/2367","targetHints":{"allow":["GET"]}}],"collection":[{"href":"https:\/\/hala-drezdenko.pl\/index.php\/wp-json\/wp\/v2\/pages"}],"about":[{"href":"https:\/\/hala-drezdenko.pl\/index.php\/wp-json\/wp\/v2\/types\/page"}],"author":[{"embeddable":true,"href":"https:\/\/hala-drezdenko.pl\/index.php\/wp-json\/wp\/v2\/users\/1"}],"replies":[{"embeddable":true,"href":"https:\/\/hala-drezdenko.pl\/index.php\/wp-json\/wp\/v2\/comments?post=2367"}],"version-history":[{"count":13,"href":"https:\/\/hala-drezdenko.pl\/index.php\/wp-json\/wp\/v2\/pages\/2367\/revisions"}],"predecessor-version":[{"id":2943,"href":"https:\/\/hala-drezdenko.pl\/index.php\/wp-json\/wp\/v2\/pages\/2367\/revisions\/2943"}],"wp:attachment":[{"href":"https:\/\/hala-drezdenko.pl\/index.php\/wp-json\/wp\/v2\/media?parent=2367"}],"curies":[{"name":"wp","href":"https:\/\/api.w.org\/{rel}","templated":true}]}}