{"id":2194,"date":"2022-01-06T21:25:29","date_gmt":"2022-01-06T20:25:29","guid":{"rendered":"https:\/\/hala-drezdenko.pl\/?page_id=2194"},"modified":"2025-09-10T12:41:35","modified_gmt":"2025-09-10T10:41:35","slug":"informacje","status":"publish","type":"page","link":"https:\/\/hala-drezdenko.pl\/index.php\/informacje\/","title":{"rendered":"REGULAMINY"},"content":{"rendered":"\n<h2 class=\"wp-block-heading\"><span style=\"background-color:rgba(0, 0, 0, 0)\" class=\"has-inline-color has-vivid-cyan-blue-color\">REGULAMIN ZAM\u00d3WIE\u0143 PUBLICZNYCH <\/span><\/h2>\n\n\n\n<div class=\"wp-block-file\"><a id=\"wp-block-file--media-4e351c1e-abc7-4c07-8a81-ced8445a6952\" href=\"https:\/\/hala-drezdenko.pl\/wp-content\/uploads\/2022\/01\/kpubliczne.pdf\" target=\"_blank\" rel=\"noreferrer noopener\"><strong><span class=\"has-inline-color has-vivid-red-color\">ZAM\u00d3WIENIA PUBLICZNE<\/span><\/strong><\/a><a href=\"https:\/\/hala-drezdenko.pl\/wp-content\/uploads\/2022\/01\/kpubliczne.pdf\" class=\"wp-block-file__button wp-element-button\" download aria-describedby=\"wp-block-file--media-4e351c1e-abc7-4c07-8a81-ced8445a6952\">Pobierz<\/a><\/div>\n\n\n\n<div class=\"wp-block-group\"><div class=\"wp-block-group__inner-container is-layout-constrained wp-block-group-is-layout-constrained\"><\/div><\/div>\n\n\n\n<h2 class=\"wp-block-heading\"><span style=\"background-color:rgba(0, 0, 0, 0)\" class=\"has-inline-color has-vivid-cyan-blue-color\">REGULAMINY  OBIEKT\u00d3W ADMINISTROWANYCH PRZEZ HAL\u0118 SPORTOWO-REHABILITACYJN\u0104 W DREZDENKU<\/span><\/h2>\n\n\n\n<div class=\"wp-block-file\"><a id=\"wp-block-file--media-325de050-18dd-49e1-9758-22a02b4ad811\" href=\"https:\/\/hala-drezdenko.pl\/wp-content\/uploads\/2025\/03\/regulamin-goscim.pdf\" target=\"_blank\" rel=\"noreferrer noopener\"><mark style=\"background-color:rgba(0, 0, 0, 0)\" class=\"has-inline-color has-vivid-red-color\"><strong>REGULAMIN KORZYSTANIA Z BOISKA WIELOFUNKCYJNEGO W GO\u015aCIMIU<\/strong><\/mark><\/a><a href=\"https:\/\/hala-drezdenko.pl\/wp-content\/uploads\/2025\/03\/regulamin-goscim.pdf\" class=\"wp-block-file__button wp-element-button\" download aria-describedby=\"wp-block-file--media-325de050-18dd-49e1-9758-22a02b4ad811\">Pobierz<\/a><\/div>\n\n\n\n<div class=\"wp-block-file\"><a id=\"wp-block-file--media-b12e6d12-1481-47c8-8ebb-30feb7ee3636\" href=\"https:\/\/hala-drezdenko.pl\/wp-content\/uploads\/2025\/03\/regulamin-rapin.pdf\" target=\"_blank\" rel=\"noreferrer noopener\"><mark style=\"background-color:rgba(0, 0, 0, 0)\" class=\"has-inline-color has-vivid-red-color\"><strong>REGULAMIN KORZYSTANIA Z BOISKA WIELOFUNKCYJNEGO W R\u0104PINIE<\/strong><\/mark><\/a><a href=\"https:\/\/hala-drezdenko.pl\/wp-content\/uploads\/2025\/03\/regulamin-rapin.pdf\" class=\"wp-block-file__button wp-element-button\" download aria-describedby=\"wp-block-file--media-b12e6d12-1481-47c8-8ebb-30feb7ee3636\">Pobierz<\/a><\/div>\n\n\n\n<div class=\"wp-block-file\"><a id=\"wp-block-file--media-ca389d26-1c27-4375-be53-2a7ece2c3210\" href=\"https:\/\/hala-drezdenko.pl\/wp-content\/uploads\/2025\/03\/regulamin-karwin.pdf\" target=\"_blank\" rel=\"noreferrer noopener\"><mark style=\"background-color:rgba(0, 0, 0, 0)\" class=\"has-inline-color has-vivid-red-color\"><strong>REGULAMIN KORZYSTANIA Z MA\u0141EGO BOISKA SPORTOWEGO W KARWINIE<\/strong><\/mark><\/a><a href=\"https:\/\/hala-drezdenko.pl\/wp-content\/uploads\/2025\/03\/regulamin-karwin.pdf\" class=\"wp-block-file__button wp-element-button\" download aria-describedby=\"wp-block-file--media-ca389d26-1c27-4375-be53-2a7ece2c3210\">Pobierz<\/a><\/div>\n\n\n\n<div class=\"wp-block-file\"><a id=\"wp-block-file--media-1cb4d904-1ab0-49d3-9c74-51acdb864cb2\" href=\"https:\/\/hala-drezdenko.pl\/wp-content\/uploads\/2025\/03\/regulamin-boisko-rapin.pdf\" target=\"_blank\" rel=\"noreferrer noopener\"><strong><mark style=\"background-color:rgba(0, 0, 0, 0)\" class=\"has-inline-color has-vivid-red-color\">REGULAMIN KORZYSTANIA Z BOISKA PI\u0141KARSKIEGO W R\u0104PINIE<\/mark><\/strong><\/a><a href=\"https:\/\/hala-drezdenko.pl\/wp-content\/uploads\/2025\/03\/regulamin-boisko-rapin.pdf\" class=\"wp-block-file__button wp-element-button\" download aria-describedby=\"wp-block-file--media-1cb4d904-1ab0-49d3-9c74-51acdb864cb2\">Pobierz<\/a><\/div>\n\n\n\n<div class=\"wp-block-file\"><a id=\"wp-block-file--media-9abc2829-aafe-49b0-8f82-cc57191cecfc\" href=\"https:\/\/hala-drezdenko.pl\/wp-content\/uploads\/2025\/03\/regulamin-boisko-stare-bielice.pdf\" target=\"_blank\" rel=\"noreferrer noopener\"><strong><mark style=\"background-color:rgba(0, 0, 0, 0)\" class=\"has-inline-color has-vivid-red-color\">REGULAMIN KORZYSTANIA Z BOISKA PI\u0141KARSKIEGO W STARYCH BIELICACH<\/mark><\/strong><\/a><a href=\"https:\/\/hala-drezdenko.pl\/wp-content\/uploads\/2025\/03\/regulamin-boisko-stare-bielice.pdf\" class=\"wp-block-file__button wp-element-button\" download aria-describedby=\"wp-block-file--media-9abc2829-aafe-49b0-8f82-cc57191cecfc\">Pobierz<\/a><\/div>\n\n\n\n<div class=\"wp-block-file\"><a id=\"wp-block-file--media-9dbe5df5-b47c-48d9-89ba-e820bc789057\" href=\"https:\/\/hala-drezdenko.pl\/wp-content\/uploads\/2025\/03\/regulamin-okrezna.pdf\" target=\"_blank\" rel=\"noreferrer noopener\"><strong><mark style=\"background-color:rgba(0, 0, 0, 0)\" class=\"has-inline-color has-vivid-red-color\">REGULAMIN KORZYSTANIA Z BOISKA TRAWIASTEGO PRZY UL OKR\u0118\u017bNEJ<\/mark><\/strong><\/a><a href=\"https:\/\/hala-drezdenko.pl\/wp-content\/uploads\/2025\/03\/regulamin-okrezna.pdf\" class=\"wp-block-file__button wp-element-button\" download aria-describedby=\"wp-block-file--media-9dbe5df5-b47c-48d9-89ba-e820bc789057\">Pobierz<\/a><\/div>\n\n\n\n<div class=\"wp-block-file\"><a id=\"wp-block-file--media-80ec549d-4441-4f54-9f0d-c62016512da9\" href=\"https:\/\/hala-drezdenko.pl\/wp-content\/uploads\/2025\/03\/regulamin-pumtrack-Niegoslaw.pdf\" target=\"_blank\" rel=\"noreferrer noopener\"><strong><mark style=\"background-color:rgba(0, 0, 0, 0)\" class=\"has-inline-color has-vivid-red-color\">REGULAMIN KORZYTANIA Z ROWEROWEGO PLACU ZABAW  &#8211; PUPTRACK W NIEGOS\u0141AWIU<\/mark><\/strong><\/a><a href=\"https:\/\/hala-drezdenko.pl\/wp-content\/uploads\/2025\/03\/regulamin-pumtrack-Niegoslaw.pdf\" class=\"wp-block-file__button wp-element-button\" download aria-describedby=\"wp-block-file--media-80ec549d-4441-4f54-9f0d-c62016512da9\">Pobierz<\/a><\/div>\n\n\n\n<div class=\"wp-block-file\"><a id=\"wp-block-file--media-9db64940-3b46-401e-8ba1-9fc62a878e8a\" href=\"https:\/\/hala-drezdenko.pl\/wp-content\/uploads\/2025\/03\/regulamin-orlik.pdf\" target=\"_blank\" rel=\"noreferrer noopener\"><strong><mark style=\"background-color:rgba(0, 0, 0, 0)\" class=\"has-inline-color has-vivid-red-color\">REGULAMIN KORZYSTANIA Z KOMPLEKSU SPORTOWEGO MOJE BOISKO ORLIK 2012<\/mark><\/strong><\/a><a href=\"https:\/\/hala-drezdenko.pl\/wp-content\/uploads\/2025\/03\/regulamin-orlik.pdf\" class=\"wp-block-file__button wp-element-button\" download aria-describedby=\"wp-block-file--media-9db64940-3b46-401e-8ba1-9fc62a878e8a\">Pobierz<\/a><\/div>\n\n\n\n<h2 class=\"wp-block-heading\"><span style=\"background-color:rgba(0, 0, 0, 0)\" class=\"has-inline-color has-vivid-cyan-blue-color\">REGULAMINY HALI SPORTOWO-REHABILITACYJNEJ                           W DREZDENKU<\/span><\/h2>\n\n\n\n<div class=\"wp-block-file\"><a id=\"wp-block-file--media-e8a72f35-d609-4d01-96a2-bb7d472370e0\" href=\"https:\/\/hala-drezdenko.pl\/wp-content\/uploads\/2022\/01\/REGULAMIN-LEKCJE.pdf\" target=\"_blank\" rel=\"noreferrer noopener\"><strong><span class=\"has-inline-color has-vivid-red-color\">REGULAMIN KORZYSTANIA Z HALI SPORTOWEJ PODCZAS ZAJ\u0118\u0106 LEKCYJNYCH<\/span><\/strong><\/a><a href=\"https:\/\/hala-drezdenko.pl\/wp-content\/uploads\/2022\/01\/REGULAMIN-LEKCJE.pdf\" class=\"wp-block-file__button wp-element-button\" download aria-describedby=\"wp-block-file--media-e8a72f35-d609-4d01-96a2-bb7d472370e0\">Pobierz<\/a><\/div>\n\n\n\n<div class=\"wp-block-file\"><a id=\"wp-block-file--media-b4745fea-e262-4373-a1f4-88408d66a0de\" href=\"https:\/\/hala-drezdenko.pl\/wp-content\/uploads\/2022\/01\/REGULAMIN-SILOWNIA.pdf\" target=\"_blank\" rel=\"noreferrer noopener\"><strong><span class=\"has-inline-color has-vivid-red-color\">REGULAMIN KORZYSTANIA Z SI\u0141OWNI<\/span><\/strong><\/a><a href=\"https:\/\/hala-drezdenko.pl\/wp-content\/uploads\/2022\/01\/REGULAMIN-SILOWNIA.pdf\" class=\"wp-block-file__button wp-element-button\" download aria-describedby=\"wp-block-file--media-b4745fea-e262-4373-a1f4-88408d66a0de\">Pobierz<\/a><\/div>\n\n\n\n<div class=\"wp-block-file\"><a id=\"wp-block-file--media-2fb7dd62-03fa-4508-8175-2cbd5f9df550\" href=\"https:\/\/hala-drezdenko.pl\/wp-content\/uploads\/2022\/01\/REGULAMIN-HALA.pdf\" target=\"_blank\" rel=\"noreferrer noopener\"><strong><span class=\"has-inline-color has-vivid-red-color\">REGULAMIN U\u017bYTKOWANIA HALI <\/span><\/strong><\/a><a href=\"https:\/\/hala-drezdenko.pl\/wp-content\/uploads\/2022\/01\/REGULAMIN-HALA.pdf\" class=\"wp-block-file__button wp-element-button\" download aria-describedby=\"wp-block-file--media-2fb7dd62-03fa-4508-8175-2cbd5f9df550\">Pobierz<\/a><\/div>\n\n\n\n<div class=\"wp-block-file\"><a id=\"wp-block-file--media-bdbd5335-de1e-456b-97b4-53c7e4468d0e\" href=\"https:\/\/hala-drezdenko.pl\/wp-content\/uploads\/2022\/01\/REGULAMIN-SAUNA.pdf\" target=\"_blank\" rel=\"noreferrer noopener\"><strong><span style=\"background-color:rgba(0, 0, 0, 0)\" class=\"has-inline-color has-vivid-red-color\">REGULAMIN KORZYSTANIA Z SAUNY<\/span><\/strong><\/a><a href=\"https:\/\/hala-drezdenko.pl\/wp-content\/uploads\/2022\/01\/REGULAMIN-SAUNA.pdf\" class=\"wp-block-file__button wp-element-button\" download aria-describedby=\"wp-block-file--media-bdbd5335-de1e-456b-97b4-53c7e4468d0e\">Pobierz<\/a><\/div>\n\n\n\n<div class=\"wp-block-file\"><a id=\"wp-block-file--media-f5f55c57-c28e-43f9-ab6f-4f2f9c6040d5\" href=\"https:\/\/hala-drezdenko.pl\/wp-content\/uploads\/2022\/01\/REGULAMIN-SALI-FITNESS.pdf\" target=\"_blank\" rel=\"noreferrer noopener\"><strong><span class=\"has-inline-color has-vivid-red-color\">REGULAMIN KORZYSTANIA Z SALI FITNESS<\/span><\/strong><\/a><a href=\"https:\/\/hala-drezdenko.pl\/wp-content\/uploads\/2022\/01\/REGULAMIN-SALI-FITNESS.pdf\" class=\"wp-block-file__button wp-element-button\" download aria-describedby=\"wp-block-file--media-f5f55c57-c28e-43f9-ab6f-4f2f9c6040d5\">Pobierz<\/a><\/div>\n\n\n\n<div class=\"wp-block-file\"><a id=\"wp-block-file--media-f5f55c57-c28e-43f9-ab6f-4f2f9c6040d5\" href=\"https:\/\/hala-drezdenko.pl\/wp-content\/uploads\/2024\/01\/regulamin-Miasteczka-Ruchu-drogowego.pdf\" target=\"_blank\" rel=\"noreferrer noopener\"><strong><span style=\"background-color:#ffffff\" class=\"has-inline-background\"><mark style=\"background-color:rgba(0, 0, 0, 0)\" class=\"has-inline-color has-vivid-red-color\">REGULAMIN KORZYSTANIA ZE STREFY AKTYWNO\u015aCI I REKREACJI Z MIASTECZKIEM RUCHU DROGOWEGO<\/mark><\/span><\/strong><\/a><a href=\"https:\/\/hala-drezdenko.pl\/wp-content\/uploads\/2024\/01\/regulamin-Miasteczka-Ruchu-drogowego.pdf\" class=\"wp-block-file__button wp-element-button\" download aria-describedby=\"wp-block-file--media-f5f55c57-c28e-43f9-ab6f-4f2f9c6040d5\">Pobierz<\/a><\/div>\n\n\n\n<div class=\"wp-block-file\"><a id=\"wp-block-file--media-f5f55c57-c28e-43f9-ab6f-4f2f9c6040d5\" href=\"https:\/\/hala-drezdenko.pl\/wp-content\/uploads\/2024\/01\/regulamin-Park-Linowy.pdf\" target=\"_blank\" rel=\"noreferrer noopener\"><strong><mark style=\"background-color:rgba(0, 0, 0, 0)\" class=\"has-inline-color has-vivid-red-color\">REGULAMIN KORZYSTANIA Z BEZOBS\u0141UGOWEGO PARKU LINOWEGO -TOR PRZESZK\u00d3D<\/mark><\/strong><\/a><a href=\"https:\/\/hala-drezdenko.pl\/wp-content\/uploads\/2024\/01\/regulamin-Park-Linowy.pdf\" class=\"wp-block-file__button wp-element-button\" download aria-describedby=\"wp-block-file--media-f5f55c57-c28e-43f9-ab6f-4f2f9c6040d5\">Pobierz<\/a><\/div>\n\n\n\n<div class=\"wp-block-file\"><a id=\"wp-block-file--media-f5f55c57-c28e-43f9-ab6f-4f2f9c6040d5\" href=\"https:\/\/hala-drezdenko.pl\/wp-content\/uploads\/2024\/01\/plazowka.pdf\" target=\"_blank\" rel=\"noreferrer noopener\"><mark style=\"background-color:rgba(0, 0, 0, 0)\" class=\"has-inline-color has-vivid-red-color\"><strong>REGULAMIN KORZYSTANIA Z BOISKA DO SIATK\u00d3WKI PLA\u017bOWEJ<\/strong><\/mark><\/a><a href=\"https:\/\/hala-drezdenko.pl\/wp-content\/uploads\/2024\/01\/plazowka.pdf\" class=\"wp-block-file__button wp-element-button\" download aria-describedby=\"wp-block-file--media-f5f55c57-c28e-43f9-ab6f-4f2f9c6040d5\">Pobierz<\/a><\/div>\n\n\n\n<h2 class=\"wp-block-heading\"><span style=\"background-color:rgba(0, 0, 0, 0)\" class=\"has-inline-color has-vivid-cyan-blue-color\">REGULAMINY AMATORSKICH LIG SPORTOWYCH<\/span><\/h2>\n\n\n\n<div class=\"wp-block-file\"><a id=\"wp-block-file--media-f8d9313b-0f58-4170-b3df-1874a3445135\" href=\"https:\/\/hala-drezdenko.pl\/wp-content\/uploads\/2025\/09\/regulamin-AHLPN.pdf\" target=\"_blank\" rel=\"noreferrer noopener\"><mark style=\"background-color:rgba(0, 0, 0, 0)\" class=\"has-inline-color has-vivid-red-color\"><strong>REGULAMIN XXII EDYCJI AHLPN SEZON 2025\/2026<\/strong><\/mark> <\/a><a href=\"https:\/\/hala-drezdenko.pl\/wp-content\/uploads\/2025\/09\/regulamin-AHLPN.pdf\" class=\"wp-block-file__button wp-element-button\" download aria-describedby=\"wp-block-file--media-f8d9313b-0f58-4170-b3df-1874a3445135\">Pobierz<\/a><\/div>\n\n\n\n<p><\/p>\n","protected":false},"excerpt":{"rendered":"<p>REGULAMIN ZAM\u00d3WIE\u0143 PUBLICZNYCH REGULAMINY OBIEKT\u00d3W ADMINISTROWANYCH PRZEZ HAL\u0118 SPORTOWO-REHABILITACYJN\u0104 W DREZDENKU REGULAMINY HALI SPORTOWO-REHABILITACYJNEJ W DREZDENKU REGULAMINY AMATORSKICH LIG SPORTOWYCH<\/p>\n","protected":false},"author":1,"featured_media":0,"parent":0,"menu_order":0,"comment_status":"closed","ping_status":"closed","template":"","meta":{"_editorskit_title_hidden":false,"_editorskit_reading_time":0,"_editorskit_is_block_options_detached":false,"_editorskit_block_options_position":"{}","footnotes":""},"class_list":["post-2194","page","type-page","status-publish","hentry","clearfix"],"_links":{"self":[{"href":"https:\/\/hala-drezdenko.pl\/index.php\/wp-json\/wp\/v2\/pages\/2194","targetHints":{"allow":["GET"]}}],"collection":[{"href":"https:\/\/hala-drezdenko.pl\/index.php\/wp-json\/wp\/v2\/pages"}],"about":[{"href":"https:\/\/hala-drezdenko.pl\/index.php\/wp-json\/wp\/v2\/types\/page"}],"author":[{"embeddable":true,"href":"https:\/\/hala-drezdenko.pl\/index.php\/wp-json\/wp\/v2\/users\/1"}],"replies":[{"embeddable":true,"href":"https:\/\/hala-drezdenko.pl\/index.php\/wp-json\/wp\/v2\/comments?post=2194"}],"version-history":[{"count":27,"href":"https:\/\/hala-drezdenko.pl\/index.php\/wp-json\/wp\/v2\/pages\/2194\/revisions"}],"predecessor-version":[{"id":2965,"href":"https:\/\/hala-drezdenko.pl\/index.php\/wp-json\/wp\/v2\/pages\/2194\/revisions\/2965"}],"wp:attachment":[{"href":"https:\/\/hala-drezdenko.pl\/index.php\/wp-json\/wp\/v2\/media?parent=2194"}],"curies":[{"name":"wp","href":"https:\/\/api.w.org\/{rel}","templated":true}]}}